{"id":2,"date":"2015-02-19T04:39:32","date_gmt":"2015-02-19T04:39:33","guid":{"rendered":"http:\/\/localhost:8080\/wordpress-4.1.1\/wordpress\/?page_id=2"},"modified":"2015-04-07T20:59:59","modified_gmt":"2015-04-07T20:59:59","slug":"biografia","status":"publish","type":"page","link":"http:\/\/viviansuter.com\/es\/biografia\/","title":{"rendered":"BIOGRAF\u00cdA"},"content":{"rendered":"<p>BIOGRAF\u00cdA<\/p>\n<p>Vivian Suter naci\u00f3 en Buenos Aires en 1949. Ha pintado en Basilea, Viena, \u00c1frica, Berna, Roma y Panajachel y ha vivido en Panajachel, Guatemala desde 1982.<\/p>\n<p>Panajachel<br \/>\nViajando por Norte y Centroam\u00e9rica en 1982, Vivian Suter lleg\u00f3 a Panajachel \u2013 un pueblo a orillas del lago Atitl\u00e1n \u2013 y permaneci\u00f3 all\u00ed, formando su hogar sobre un terreno en una antigua plantaci\u00f3n de caf\u00e9. Desde el inicio de los a\u00f1os 80, la mayor\u00eda de su trabajo art\u00edstico ha sido creado desde este escenario, y muchas de sus obras se han vuelto parte de \u00e9l.<\/p>\n<p>Las gravileas, junto con los aguacatales y los \u00e1rboles de mango, que fueron originalmente plantados para proteger los cafetales, proveen al \u00e1rea de sombra durante todo el a\u00f1o. Un empinado camino, en el que se mezclan las gradas con la vereda de la monta\u00f1a, lleva al estudio de Vivian Suter, desde el cual se puede observar por encima de las puntas de los \u00e1rboles, el pueblo de Panajachel con su lago y sus volcanes.<\/p>\n<p>El arte que aqu\u00ed nace trata del viento, los volcanes y la vastedad y claridad de este paisaje tropical.<\/p>\n<p>Bajo la sombra de la plantaci\u00f3n de caf\u00e9, se encuentra un segundo estudio. La vista entre los gabletes alcanza \u00fanicamente las hojas de las densas plantas de banano que crecen frente a la casa. Aqu\u00ed es donde son creadas las obras de primer plano: el recurrente motivo de la fruta prohibida, la mirada sobre uno mismo o fija en el interior.<\/p>\n<p>Las im\u00e1genes de Vivian Suter y las obras fotogr\u00e1ficas y bosquejos que crea junto con ellas son representaciones, comentarios e interpretaciones de sus alrededores, tanto externos como internos. Asimismo son apropiaciones, hacen suyo este entorno y de igual manera, son apropiados por sus alrededores.<br \/>\nEn la cambiante vida de Vivian Suter ha habido una constante: su arte. Sin importar d\u00f3nde est\u00e9, habr\u00e1 siempre un lugar donde ella cree nuevas obras y se rodee de piezas realizadas hasta ahora.<\/p>\n<p>Agatha<br \/>\nLas tormentas amenazan y golpean a Guatemala cada vez m\u00e1s frecuentemente, y a principios de junio del 2010, una de ellas caus\u00f3 enormes da\u00f1os en Panajachel. Tanto los estudios como pinturas almacenadas de Vivian Suter se vieron afectados, resultando en un regreso de muchas de sus obras a la misma naturaleza que las inspir\u00f3.<\/p>\n","protected":false},"excerpt":{"rendered":"<p>BIOGRAF\u00cdA Vivian Suter naci\u00f3 en Buenos Aires en 1949. Ha pintado en Basilea, Viena, \u00c1frica, Berna, Roma y Panajachel y ha vivido en Panajachel, Guatemala desde 1982. Panajachel Viajando por Norte y Centroam\u00e9rica en 1982, Vivian Suter lleg\u00f3 a Panajachel \u2013 un pueblo a orillas del lago Atitl\u00e1n \u2013 y permaneci\u00f3 all\u00ed, formando su hogar [&hellip;]<\/p>\n","protected":false},"author":2,"featured_media":0,"parent":0,"menu_order":0,"comment_status":"closed","ping_status":"closed","template":"","meta":{"footnotes":""},"class_list":["post-2","page","type-page","status-publish","hentry"],"_links":{"self":[{"href":"http:\/\/viviansuter.com\/es\/wp-json\/wp\/v2\/pages\/2","targetHints":{"allow":["GET"]}}],"collection":[{"href":"http:\/\/viviansuter.com\/es\/wp-json\/wp\/v2\/pages"}],"about":[{"href":"http:\/\/viviansuter.com\/es\/wp-json\/wp\/v2\/types\/page"}],"author":[{"embeddable":true,"href":"http:\/\/viviansuter.com\/es\/wp-json\/wp\/v2\/users\/2"}],"replies":[{"embeddable":true,"href":"http:\/\/viviansuter.com\/es\/wp-json\/wp\/v2\/comments?post=2"}],"version-history":[{"count":6,"href":"http:\/\/viviansuter.com\/es\/wp-json\/wp\/v2\/pages\/2\/revisions"}],"predecessor-version":[{"id":1092,"href":"http:\/\/viviansuter.com\/es\/wp-json\/wp\/v2\/pages\/2\/revisions\/1092"}],"wp:attachment":[{"href":"http:\/\/viviansuter.com\/es\/wp-json\/wp\/v2\/media?parent=2"}],"curies":[{"name":"wp","href":"https:\/\/api.w.org\/{rel}","templated":true}]}}