{"id":517,"date":"2015-04-04T20:19:51","date_gmt":"2015-04-04T20:19:51","guid":{"rendered":"http:\/\/viviansuter.com\/es\/?page_id=517"},"modified":"2015-04-04T20:23:38","modified_gmt":"2015-04-04T20:23:38","slug":"primeras-obras","status":"publish","type":"page","link":"http:\/\/viviansuter.com\/es\/primeras-obras\/","title":{"rendered":"PRIMERAS OBRAS"},"content":{"rendered":"<p>PRIMERAS OBRAS<\/p>\n<p>Incluso durante su formaci\u00f3n art\u00edstica, Vivian Suter se dedic\u00f3 intensamente a trabajos concepcionales. Surgieron colecciones tem\u00e1ticas, aseguraciones de evidencias, documentaciones, proyectos de investigaci\u00f3n est\u00e9tica con una est\u00e9tica misma casi cient\u00edfica. A\u00fan as\u00ed, conservando siempre un paso espont\u00e1neo y fluido hacia el dibujo, la pintura y la escultura.<\/p>\n","protected":false},"excerpt":{"rendered":"<p>PRIMERAS OBRAS Incluso durante su formaci\u00f3n art\u00edstica, Vivian Suter se dedic\u00f3 intensamente a trabajos concepcionales. Surgieron colecciones tem\u00e1ticas, aseguraciones de evidencias, documentaciones, proyectos de investigaci\u00f3n est\u00e9tica con una est\u00e9tica misma casi cient\u00edfica. A\u00fan as\u00ed, conservando siempre un paso espont\u00e1neo y fluido hacia el dibujo, la pintura y la escultura.<\/p>\n","protected":false},"author":2,"featured_media":0,"parent":0,"menu_order":0,"comment_status":"closed","ping_status":"closed","template":"","meta":{"footnotes":""},"class_list":["post-517","page","type-page","status-publish","hentry"],"_links":{"self":[{"href":"http:\/\/viviansuter.com\/es\/wp-json\/wp\/v2\/pages\/517","targetHints":{"allow":["GET"]}}],"collection":[{"href":"http:\/\/viviansuter.com\/es\/wp-json\/wp\/v2\/pages"}],"about":[{"href":"http:\/\/viviansuter.com\/es\/wp-json\/wp\/v2\/types\/page"}],"author":[{"embeddable":true,"href":"http:\/\/viviansuter.com\/es\/wp-json\/wp\/v2\/users\/2"}],"replies":[{"embeddable":true,"href":"http:\/\/viviansuter.com\/es\/wp-json\/wp\/v2\/comments?post=517"}],"version-history":[{"count":3,"href":"http:\/\/viviansuter.com\/es\/wp-json\/wp\/v2\/pages\/517\/revisions"}],"predecessor-version":[{"id":521,"href":"http:\/\/viviansuter.com\/es\/wp-json\/wp\/v2\/pages\/517\/revisions\/521"}],"wp:attachment":[{"href":"http:\/\/viviansuter.com\/es\/wp-json\/wp\/v2\/media?parent=517"}],"curies":[{"name":"wp","href":"https:\/\/api.w.org\/{rel}","templated":true}]}}