{"id":708,"date":"2015-04-04T21:23:59","date_gmt":"2015-04-04T21:23:59","guid":{"rendered":"http:\/\/viviansuter.com\/es\/?page_id=708"},"modified":"2015-04-04T21:24:19","modified_gmt":"2015-04-04T21:24:19","slug":"fotografia","status":"publish","type":"page","link":"http:\/\/viviansuter.com\/es\/fotografia\/","title":{"rendered":"FOTOGRAFIA"},"content":{"rendered":"<p>FOTOGRAF\u00cdA<\/p>\n<p>Vivian Suter documenta con fotograf\u00edas de su trabajo y de su entorno. Procesos y rituales obtienen de esta manera, su objetivaci\u00f3n y la cotidianidad, su significado. Sus fotos aseguran las evidencias, las huellas de la inspiraci\u00f3n y sus recursos memorials; ella pinta, dibuja y piensa con la c\u00e1mara, fotograf\u00eda con su pincel, esp\u00e1tula y su l\u00e1piz.<\/p>\n","protected":false},"excerpt":{"rendered":"<p>FOTOGRAF\u00cdA Vivian Suter documenta con fotograf\u00edas de su trabajo y de su entorno. Procesos y rituales obtienen de esta manera, su objetivaci\u00f3n y la cotidianidad, su significado. Sus fotos aseguran las evidencias, las huellas de la inspiraci\u00f3n y sus recursos memorials; ella pinta, dibuja y piensa con la c\u00e1mara, fotograf\u00eda con su pincel, esp\u00e1tula y [&hellip;]<\/p>\n","protected":false},"author":2,"featured_media":0,"parent":0,"menu_order":0,"comment_status":"closed","ping_status":"closed","template":"","meta":{"footnotes":""},"class_list":["post-708","page","type-page","status-publish","hentry"],"_links":{"self":[{"href":"http:\/\/viviansuter.com\/es\/wp-json\/wp\/v2\/pages\/708","targetHints":{"allow":["GET"]}}],"collection":[{"href":"http:\/\/viviansuter.com\/es\/wp-json\/wp\/v2\/pages"}],"about":[{"href":"http:\/\/viviansuter.com\/es\/wp-json\/wp\/v2\/types\/page"}],"author":[{"embeddable":true,"href":"http:\/\/viviansuter.com\/es\/wp-json\/wp\/v2\/users\/2"}],"replies":[{"embeddable":true,"href":"http:\/\/viviansuter.com\/es\/wp-json\/wp\/v2\/comments?post=708"}],"version-history":[{"count":2,"href":"http:\/\/viviansuter.com\/es\/wp-json\/wp\/v2\/pages\/708\/revisions"}],"predecessor-version":[{"id":710,"href":"http:\/\/viviansuter.com\/es\/wp-json\/wp\/v2\/pages\/708\/revisions\/710"}],"wp:attachment":[{"href":"http:\/\/viviansuter.com\/es\/wp-json\/wp\/v2\/media?parent=708"}],"curies":[{"name":"wp","href":"https:\/\/api.w.org\/{rel}","templated":true}]}}